{"id":3848,"date":"2021-10-26T13:57:33","date_gmt":"2021-10-26T10:57:33","guid":{"rendered":"https:\/\/www.helander.com\/sell-items-at-auction\/online-item-valuation\/"},"modified":"2022-01-26T17:39:31","modified_gmt":"2022-01-26T15:39:31","slug":"elektronisk-vardering-av-foremal","status":"publish","type":"page","link":"https:\/\/blogi.helander.com\/sv\/elektronisk-vardering-av-foremal\/","title":{"rendered":"Elektronisk v\u00e4rdering av f\u00f6rem\u00e5l"},"content":{"rendered":"","protected":false},"excerpt":{"rendered":"","protected":false},"author":3,"featured_media":0,"parent":0,"menu_order":40,"comment_status":"closed","ping_status":"closed","template":"","meta":{"_acf_changed":false,"footnotes":""},"class_list":["post-3848","page","type-page","status-publish","hentry"],"acf":[],"_links":{"self":[{"href":"https:\/\/blogi.helander.com\/sv\/wp-json\/wp\/v2\/pages\/3848","targetHints":{"allow":["GET"]}}],"collection":[{"href":"https:\/\/blogi.helander.com\/sv\/wp-json\/wp\/v2\/pages"}],"about":[{"href":"https:\/\/blogi.helander.com\/sv\/wp-json\/wp\/v2\/types\/page"}],"author":[{"embeddable":true,"href":"https:\/\/blogi.helander.com\/sv\/wp-json\/wp\/v2\/users\/3"}],"replies":[{"embeddable":true,"href":"https:\/\/blogi.helander.com\/sv\/wp-json\/wp\/v2\/comments?post=3848"}],"version-history":[{"count":4,"href":"https:\/\/blogi.helander.com\/sv\/wp-json\/wp\/v2\/pages\/3848\/revisions"}],"predecessor-version":[{"id":4583,"href":"https:\/\/blogi.helander.com\/sv\/wp-json\/wp\/v2\/pages\/3848\/revisions\/4583"}],"wp:attachment":[{"href":"https:\/\/blogi.helander.com\/sv\/wp-json\/wp\/v2\/media?parent=3848"}],"curies":[{"name":"wp","href":"https:\/\/api.w.org\/{rel}","templated":true}]}}