{"id":3845,"date":"2021-08-25T20:09:02","date_gmt":"2021-08-25T17:09:02","guid":{"rendered":"https:\/\/www.helander.com\/sell-items-at-auction\/collection-and-clearance-service\/"},"modified":"2022-01-27T14:14:39","modified_gmt":"2022-01-27T12:14:39","slug":"avhamtnings-och-bostadstomningstjanst","status":"publish","type":"page","link":"https:\/\/blogi.helander.com\/sv\/avhamtnings-och-bostadstomningstjanst\/","title":{"rendered":"Avh\u00e4mtnings- och bostadst\u00f6mningstj\u00e4nst"},"content":{"rendered":"","protected":false},"excerpt":{"rendered":"","protected":false},"author":3,"featured_media":0,"parent":0,"menu_order":68,"comment_status":"closed","ping_status":"closed","template":"","meta":{"_acf_changed":false,"footnotes":""},"class_list":["post-3845","page","type-page","status-publish","hentry"],"acf":[],"_links":{"self":[{"href":"https:\/\/blogi.helander.com\/sv\/wp-json\/wp\/v2\/pages\/3845","targetHints":{"allow":["GET"]}}],"collection":[{"href":"https:\/\/blogi.helander.com\/sv\/wp-json\/wp\/v2\/pages"}],"about":[{"href":"https:\/\/blogi.helander.com\/sv\/wp-json\/wp\/v2\/types\/page"}],"author":[{"embeddable":true,"href":"https:\/\/blogi.helander.com\/sv\/wp-json\/wp\/v2\/users\/3"}],"replies":[{"embeddable":true,"href":"https:\/\/blogi.helander.com\/sv\/wp-json\/wp\/v2\/comments?post=3845"}],"version-history":[{"count":9,"href":"https:\/\/blogi.helander.com\/sv\/wp-json\/wp\/v2\/pages\/3845\/revisions"}],"predecessor-version":[{"id":4670,"href":"https:\/\/blogi.helander.com\/sv\/wp-json\/wp\/v2\/pages\/3845\/revisions\/4670"}],"wp:attachment":[{"href":"https:\/\/blogi.helander.com\/sv\/wp-json\/wp\/v2\/media?parent=3845"}],"curies":[{"name":"wp","href":"https:\/\/api.w.org\/{rel}","templated":true}]}}